{"id":17564,"date":"2021-03-09T13:19:51","date_gmt":"2021-03-09T13:19:51","guid":{"rendered":"https:\/\/condonekretnine.com\/?page_id=17564"},"modified":"2021-05-11T08:53:49","modified_gmt":"2021-05-11T08:53:49","slug":"uprava-i-vratar","status":"publish","type":"page","link":"https:\/\/condonekretnine.com\/en\/uprava-i-vratar\/","title":{"rendered":"Uprava i vratar"},"content":{"rendered":"\t\t<div data-elementor-type=\"wp-page\" data-elementor-id=\"17564\" class=\"elementor elementor-17564\">\n\t\t\t\t\t\t<div class=\"elementor-inner\">\n\t\t\t\t<div class=\"elementor-section-wrap\">\n\t\t\t\t\t\t\t\t\t<section class=\"elementor-section elementor-top-section elementor-element elementor-element-2943e51 elementor-section-boxed elementor-section-height-default elementor-section-height-default\" data-id=\"2943e51\" data-element_type=\"section\">\n\t\t\t\t\t\t<div class=\"elementor-container elementor-column-gap-default\">\n\t\t\t\t\t\t\t<div class=\"elementor-row\">\n\t\t\t\t\t<div class=\"elementor-column elementor-col-100 elementor-top-column elementor-element elementor-element-d7728d8\" data-id=\"d7728d8\" data-element_type=\"column\">\n\t\t\t<div class=\"elementor-column-wrap elementor-element-populated\">\n\t\t\t\t\t\t\t<div class=\"elementor-widget-wrap\">\n\t\t\t\t\t\t<div class=\"elementor-element elementor-element-11c249d elementor-widget elementor-widget-text-editor\" data-id=\"11c249d\" data-element_type=\"widget\" data-widget_type=\"text-editor.default\">\n\t\t\t\t<div class=\"elementor-widget-container\">\n\t\t\t\t\t\t\t\t<div class=\"elementor-text-editor elementor-clearfix\">\n\t\t\t\t<p>Prepustine brigu o va\u0161im nekretninama profesionalcima! Vr\u0161imo usluge menad\u017ementa za vas. Na\u0161a saradnja ne mora zavr\u0161iti kupovinom ili iznajmljivanjem. Mo\u017eete biti i mirni znaju\u0107i da <a href=\"https:\/\/condo-nekretnine.com\/\">Condo<\/a> mo\u017ee biti Va\u0161a produ\u017eena ruka koja se brine o Va\u0161im nekretninama.<\/p><p>Shvatamo da svakodnevno vo\u0111enje nekretnine mo\u017ee biti dugotrajno i zamorno, kao i \u010dinjenica da nisu svi stanari jednaki, zbog \u010dega nudimo uslugu vo\u0111enja nekretnina, koja odgovara va\u0161im potrebama.<\/p><p>Mo\u017eda sanjate o posjedovanju stana u Banja Luci ili Sarajevu, ali brine vas odr\u017eavanje?\u00a0 Na raspolaganju imamo pouzdan tim koji \u0107e va\u0161 stan odr\u017eavati u optimalnom stanju u va\u0161em odsustvu. Zajedno s na\u0161im saradnicima, u mogu\u0107nosti smo, ukoliko \u017eelite, pru\u017eiti kompletnu uslugu \u010di\u0161\u0107enja i odr\u017eavanja kako bismo osigurali da va\u0161a nekretnina bude u najboljem mogu\u0107em stanju, bilo da je iznajmljujete klijentima ili \u017eelite da bude spremna prilikom va\u0161eg dolaska.<\/p><p>Veliki broj stanara tra\u017ei samo da vidi nekretnine kojima se profesionalno upravlja. Stanare privla\u010di sigurnost, jer im pru\u017ea mir da je profesionalna kompanija tu 24 sata dnevno, 7 dana u sedmici, te da \u0107e brzo reagovati ukoliko se pojavi bilo kakav problem. Ve\u0107ina kompanija, koje uzimaju stanove u zakup za svoje zaposlene, tako\u0111e zahtijeva odr\u017eavanje nekretnine prije nego \u0161to zakupi stan.<\/p><p>Na\u0161 tim je posve\u0107en brizi o va\u0161oj nekretnini kao da je na\u0161a, \u017eelimo da se opustite znaju\u0107i da je va\u0161 stan u\u00a0 sigurnim rukama.<\/p>\t\t\t\t\t<\/div>\n\t\t\t\t\t\t<\/div>\n\t\t\t\t<\/div>\n\t\t\t\t\t\t<\/div>\n\t\t\t\t\t<\/div>\n\t\t<\/div>\n\t\t\t\t\t\t\t\t<\/div>\n\t\t\t\t\t<\/div>\n\t\t<\/section>\n\t\t\t\t<section class=\"elementor-section elementor-top-section elementor-element elementor-element-a3fb38e elementor-section-boxed elementor-section-height-default elementor-section-height-default\" data-id=\"a3fb38e\" data-element_type=\"section\">\n\t\t\t\t\t\t<div class=\"elementor-container elementor-column-gap-default\">\n\t\t\t\t\t\t\t<div class=\"elementor-row\">\n\t\t\t\t\t<div class=\"elementor-column elementor-col-100 elementor-top-column elementor-element elementor-element-cfcd3a6\" data-id=\"cfcd3a6\" data-element_type=\"column\">\n\t\t\t<div class=\"elementor-column-wrap elementor-element-populated\">\n\t\t\t\t\t\t\t<div class=\"elementor-widget-wrap\">\n\t\t\t\t\t\t<div class=\"elementor-element elementor-element-50dd867 elementor-widget elementor-widget-heading\" data-id=\"50dd867\" data-element_type=\"widget\" data-widget_type=\"heading.default\">\n\t\t\t\t<div class=\"elementor-widget-container\">\n\t\t\t<h3 class=\"elementor-heading-title elementor-size-default\">Prednosti upravljanja nekretninama<\/h3>\t\t<\/div>\n\t\t\t\t<\/div>\n\t\t\t\t\t\t<\/div>\n\t\t\t\t\t<\/div>\n\t\t<\/div>\n\t\t\t\t\t\t\t\t<\/div>\n\t\t\t\t\t<\/div>\n\t\t<\/section>\n\t\t\t\t<section class=\"elementor-section elementor-top-section elementor-element elementor-element-7d865a8 elementor-section-boxed elementor-section-height-default elementor-section-height-default\" data-id=\"7d865a8\" data-element_type=\"section\">\n\t\t\t\t\t\t<div class=\"elementor-container elementor-column-gap-default\">\n\t\t\t\t\t\t\t<div class=\"elementor-row\">\n\t\t\t\t\t<div class=\"elementor-column elementor-col-100 elementor-top-column elementor-element elementor-element-d9d0181\" data-id=\"d9d0181\" data-element_type=\"column\">\n\t\t\t<div class=\"elementor-column-wrap elementor-element-populated\">\n\t\t\t\t\t\t\t<div class=\"elementor-widget-wrap\">\n\t\t\t\t\t\t<div class=\"elementor-element elementor-element-008a7c8 elementor-widget elementor-widget-text-editor\" data-id=\"008a7c8\" data-element_type=\"widget\" data-widget_type=\"text-editor.default\">\n\t\t\t\t<div class=\"elementor-widget-container\">\n\t\t\t\t\t\t\t\t<div class=\"elementor-text-editor elementor-clearfix\">\n\t\t\t\t<p>Postoji nekoliko razloga zbog kojih vlasnici stanova\u00a0 svoje nekretnine prepu\u0161taju profesionalcima:<\/p><p>Mnogi na\u0161i stanodavci \u017eive i rade u inostranstvu, posjeduju vi\u0161e nekretnina i jednostavno vi\u0161e vole pristup bez rizika znaju\u0107i da se mogu opustiti i da je njihova nekretnina u sigurnim rukama. Va\u017eno je zadr\u017eati dobrog stanara, a jedan od naj\u010de\u0161\u0107ih razloga za\u0161to dobar stanar ne ostaje dugoro\u010dno u iznajmljenom stanu jeste \u0161to stanodavac ne brine dovoljno o zahtjevima i potrebama stanodavaca. Zapo\u0161ljavanjem menad\u017eera koji \u0107e brinuti o va\u0161oj nekretnini mo\u017eete biti sigurni da se brzo rje\u0161avaju svi zahtjevi stanara, a a samim tim dobijate i dugoro\u010dne stanare.<\/p>\t\t\t\t\t<\/div>\n\t\t\t\t\t\t<\/div>\n\t\t\t\t<\/div>\n\t\t\t\t\t\t<\/div>\n\t\t\t\t\t<\/div>\n\t\t<\/div>\n\t\t\t\t\t\t\t\t<\/div>\n\t\t\t\t\t<\/div>\n\t\t<\/section>\n\t\t\t\t<section class=\"elementor-section elementor-top-section elementor-element elementor-element-435246b elementor-section-boxed elementor-section-height-default elementor-section-height-default\" data-id=\"435246b\" data-element_type=\"section\">\n\t\t\t\t\t\t<div class=\"elementor-container elementor-column-gap-default\">\n\t\t\t\t\t\t\t<div class=\"elementor-row\">\n\t\t\t\t\t<div class=\"elementor-column elementor-col-100 elementor-top-column elementor-element elementor-element-0ff64db\" data-id=\"0ff64db\" data-element_type=\"column\">\n\t\t\t<div class=\"elementor-column-wrap elementor-element-populated\">\n\t\t\t\t\t\t\t<div class=\"elementor-widget-wrap\">\n\t\t\t\t\t\t<div class=\"elementor-element elementor-element-1a20fca elementor-widget elementor-widget-heading\" data-id=\"1a20fca\" data-element_type=\"widget\" data-widget_type=\"heading.default\">\n\t\t\t\t<div class=\"elementor-widget-container\">\n\t\t\t<h2 class=\"elementor-heading-title elementor-size-default\">Paketi<\/h2>\t\t<\/div>\n\t\t\t\t<\/div>\n\t\t\t\t\t\t<\/div>\n\t\t\t\t\t<\/div>\n\t\t<\/div>\n\t\t\t\t\t\t\t\t<\/div>\n\t\t\t\t\t<\/div>\n\t\t<\/section>\n\t\t\t\t<section class=\"elementor-section elementor-top-section elementor-element elementor-element-9d32205 elementor-section-boxed elementor-section-height-default elementor-section-height-default\" data-id=\"9d32205\" data-element_type=\"section\">\n\t\t\t\t\t\t<div class=\"elementor-container elementor-column-gap-default\">\n\t\t\t\t\t\t\t<div class=\"elementor-row\">\n\t\t\t\t\t<div class=\"elementor-column elementor-col-100 elementor-top-column elementor-element elementor-element-89b6545\" data-id=\"89b6545\" data-element_type=\"column\">\n\t\t\t<div class=\"elementor-column-wrap elementor-element-populated\">\n\t\t\t\t\t\t\t<div class=\"elementor-widget-wrap\">\n\t\t\t\t\t\t<div class=\"elementor-element elementor-element-57c6f3f elementor-widget elementor-widget-text-editor\" data-id=\"57c6f3f\" data-element_type=\"widget\" data-widget_type=\"text-editor.default\">\n\t\t\t\t<div class=\"elementor-widget-container\">\n\t\t\t\t\t\t\t\t<div class=\"elementor-text-editor elementor-clearfix\">\n\t\t\t\t<p><strong>OSNOVNI<\/strong><\/p><ul><li>Promocija nekretnine<\/li><li>Pronalazak stanara<\/li><li>Provjera nekretnine prilikom ulaska stanara<\/li><li>Priprema ugovora i inventarnog lista<\/li><li>Mjese\u010dni izvje\u0161taj<\/li><li>Upravljanje depozitom<\/li><li>Naplata kirije<\/li><li>\u010cuvanje klju\u010deva<\/li><\/ul><p><strong>10% OD CIJENE ZAKUPA NA MJESE\u010cNOM NIVOU<\/strong><\/p>\t\t\t\t\t<\/div>\n\t\t\t\t\t\t<\/div>\n\t\t\t\t<\/div>\n\t\t\t\t\t\t<\/div>\n\t\t\t\t\t<\/div>\n\t\t<\/div>\n\t\t\t\t\t\t\t\t<\/div>\n\t\t\t\t\t<\/div>\n\t\t<\/section>\n\t\t\t\t<section class=\"elementor-section elementor-top-section elementor-element elementor-element-a6709d6 elementor-section-boxed elementor-section-height-default elementor-section-height-default\" data-id=\"a6709d6\" data-element_type=\"section\">\n\t\t\t\t\t\t<div class=\"elementor-container elementor-column-gap-default\">\n\t\t\t\t\t\t\t<div class=\"elementor-row\">\n\t\t\t\t\t<div class=\"elementor-column elementor-col-100 elementor-top-column elementor-element elementor-element-f1a2583\" data-id=\"f1a2583\" data-element_type=\"column\">\n\t\t\t<div class=\"elementor-column-wrap elementor-element-populated\">\n\t\t\t\t\t\t\t<div class=\"elementor-widget-wrap\">\n\t\t\t\t\t\t<div class=\"elementor-element elementor-element-56f8500 elementor-widget elementor-widget-text-editor\" data-id=\"56f8500\" data-element_type=\"widget\" data-widget_type=\"text-editor.default\">\n\t\t\t\t<div class=\"elementor-widget-container\">\n\t\t\t\t\t\t\t\t<div class=\"elementor-text-editor elementor-clearfix\">\n\t\t\t\t<p><strong>NAPREDNI<\/strong><\/p><ul><li>Promocija nekretnine<\/li><li>Pronalazak stanara<\/li><li>Provjera nekretnine prilikom ulaska stanara<\/li><li>Priprema ugovora i inventarnog lista<\/li><li>Mjese\u010dni izvje\u0161taj<\/li><li>Upravljanje depozitom<\/li><li>Naplata kirije<\/li><li>Kontrola ra\u010duna<\/li><li>Anga\u017eovanje majstora u slu\u010daju neophodnih popravki<\/li><li>\u010cuvanje klju\u010deva<\/li><li>\u010ci\u0161\u0107enje stana\u00a0<\/li><li>Pravno savjetovanje<\/li><\/ul><p><strong>15% OD CIJENE ZAKUPA NA MJESE\u010cNOM NIVOU<\/strong><\/p>\t\t\t\t\t<\/div>\n\t\t\t\t\t\t<\/div>\n\t\t\t\t<\/div>\n\t\t\t\t\t\t<\/div>\n\t\t\t\t\t<\/div>\n\t\t<\/div>\n\t\t\t\t\t\t\t\t<\/div>\n\t\t\t\t\t<\/div>\n\t\t<\/section>\n\t\t\t\t\t\t\t\t\t<\/div>\n\t\t\t<\/div>\n\t\t\t\t\t<\/div>\n\t\t","protected":false},"excerpt":{"rendered":"<p>Prepustine brigu o va\u0161im nekretninama profesionalcima! Vr\u0161imo usluge menad\u017ementa za vas. Na\u0161a saradnja ne mora zavr\u0161iti kupovinom ili iznajmljivanjem. Mo\u017eete biti i mirni znaju\u0107i da Condo mo\u017ee biti Va\u0161a produ\u017eena ruka koja se brine o Va\u0161im nekretninama. Shvatamo da svakodnevno vo\u0111enje nekretnine mo\u017ee biti dugotrajno i zamorno, kao i \u010dinjenica da nisu svi stanari jednaki, [&hellip;]<\/p>\n","protected":false},"author":1,"featured_media":0,"parent":0,"menu_order":0,"comment_status":"closed","ping_status":"closed","template":"","meta":{"footnotes":""},"class_list":["post-17564","page","type-page","status-publish","hentry"],"yoast_head":"<!-- This site is optimized with the Yoast SEO plugin v26.4 - https:\/\/yoast.com\/wordpress\/plugins\/seo\/ -->\n<title>Uprava i vratar - Condo<\/title>\n<meta name=\"description\" content=\"Uprava i vratar - Condo - Klju\u010d za Va\u0161 novi dom!\" \/>\n<meta name=\"robots\" content=\"index, follow, max-snippet:-1, max-image-preview:large, max-video-preview:-1\" \/>\n<link rel=\"canonical\" href=\"https:\/\/condonekretnine.com\/en\/uprava-i-vratar\/\" \/>\n<meta property=\"og:locale\" content=\"en_US\" \/>\n<meta property=\"og:type\" content=\"article\" \/>\n<meta property=\"og:title\" content=\"Uprava i vratar - Condo\" \/>\n<meta property=\"og:description\" content=\"Uprava i vratar - Condo - Klju\u010d za Va\u0161 novi dom!\" \/>\n<meta property=\"og:url\" content=\"https:\/\/condonekretnine.com\/en\/uprava-i-vratar\/\" \/>\n<meta property=\"og:site_name\" content=\"Condo\" \/>\n<meta property=\"article:modified_time\" content=\"2021-05-11T08:53:49+00:00\" \/>\n<meta name=\"twitter:card\" content=\"summary_large_image\" \/>\n<meta name=\"twitter:label1\" content=\"Est. reading time\" \/>\n\t<meta name=\"twitter:data1\" content=\"2 minutes\" \/>\n<script type=\"application\/ld+json\" class=\"yoast-schema-graph\">{\"@context\":\"https:\/\/schema.org\",\"@graph\":[{\"@type\":\"WebPage\",\"@id\":\"https:\/\/condonekretnine.com\/en\/uprava-i-vratar\/\",\"url\":\"https:\/\/condonekretnine.com\/en\/uprava-i-vratar\/\",\"name\":\"Uprava i vratar - Condo\",\"isPartOf\":{\"@id\":\"https:\/\/condonekretnine.com\/#website\"},\"datePublished\":\"2021-03-09T13:19:51+00:00\",\"dateModified\":\"2021-05-11T08:53:49+00:00\",\"description\":\"Uprava i vratar - Condo - Klju\u010d za Va\u0161 novi dom!\",\"breadcrumb\":{\"@id\":\"https:\/\/condonekretnine.com\/en\/uprava-i-vratar\/#breadcrumb\"},\"inLanguage\":\"en-US\",\"potentialAction\":[{\"@type\":\"ReadAction\",\"target\":[\"https:\/\/condonekretnine.com\/en\/uprava-i-vratar\/\"]}]},{\"@type\":\"BreadcrumbList\",\"@id\":\"https:\/\/condonekretnine.com\/en\/uprava-i-vratar\/#breadcrumb\",\"itemListElement\":[{\"@type\":\"ListItem\",\"position\":1,\"name\":\"Home\",\"item\":\"https:\/\/condonekretnine.com\/en\/\"},{\"@type\":\"ListItem\",\"position\":2,\"name\":\"Uprava i vratar\"}]},{\"@type\":\"WebSite\",\"@id\":\"https:\/\/condonekretnine.com\/#website\",\"url\":\"https:\/\/condonekretnine.com\/\",\"name\":\"Condo\",\"description\":\"\",\"publisher\":{\"@id\":\"https:\/\/condonekretnine.com\/#organization\"},\"potentialAction\":[{\"@type\":\"SearchAction\",\"target\":{\"@type\":\"EntryPoint\",\"urlTemplate\":\"https:\/\/condonekretnine.com\/?s={search_term_string}\"},\"query-input\":{\"@type\":\"PropertyValueSpecification\",\"valueRequired\":true,\"valueName\":\"search_term_string\"}}],\"inLanguage\":\"en-US\"},{\"@type\":\"Organization\",\"@id\":\"https:\/\/condonekretnine.com\/#organization\",\"name\":\"Condo\",\"url\":\"https:\/\/condonekretnine.com\/\",\"logo\":{\"@type\":\"ImageObject\",\"inLanguage\":\"en-US\",\"@id\":\"https:\/\/condonekretnine.com\/#\/schema\/logo\/image\/\",\"url\":\"https:\/\/condonekretnine.com\/wp-content\/uploads\/2022\/01\/logo-black-retina.png\",\"contentUrl\":\"https:\/\/condonekretnine.com\/wp-content\/uploads\/2022\/01\/logo-black-retina.png\",\"width\":600,\"height\":300,\"caption\":\"Condo\"},\"image\":{\"@id\":\"https:\/\/condonekretnine.com\/#\/schema\/logo\/image\/\"}}]}<\/script>\n<!-- \/ Yoast SEO plugin. -->","yoast_head_json":{"title":"Uprava i vratar - Condo","description":"Uprava i vratar - Condo - Klju\u010d za Va\u0161 novi dom!","robots":{"index":"index","follow":"follow","max-snippet":"max-snippet:-1","max-image-preview":"max-image-preview:large","max-video-preview":"max-video-preview:-1"},"canonical":"https:\/\/condonekretnine.com\/en\/uprava-i-vratar\/","og_locale":"en_US","og_type":"article","og_title":"Uprava i vratar - Condo","og_description":"Uprava i vratar - Condo - Klju\u010d za Va\u0161 novi dom!","og_url":"https:\/\/condonekretnine.com\/en\/uprava-i-vratar\/","og_site_name":"Condo","article_modified_time":"2021-05-11T08:53:49+00:00","twitter_card":"summary_large_image","twitter_misc":{"Est. reading time":"2 minutes"},"schema":{"@context":"https:\/\/schema.org","@graph":[{"@type":"WebPage","@id":"https:\/\/condonekretnine.com\/en\/uprava-i-vratar\/","url":"https:\/\/condonekretnine.com\/en\/uprava-i-vratar\/","name":"Uprava i vratar - Condo","isPartOf":{"@id":"https:\/\/condonekretnine.com\/#website"},"datePublished":"2021-03-09T13:19:51+00:00","dateModified":"2021-05-11T08:53:49+00:00","description":"Uprava i vratar - Condo - Klju\u010d za Va\u0161 novi dom!","breadcrumb":{"@id":"https:\/\/condonekretnine.com\/en\/uprava-i-vratar\/#breadcrumb"},"inLanguage":"en-US","potentialAction":[{"@type":"ReadAction","target":["https:\/\/condonekretnine.com\/en\/uprava-i-vratar\/"]}]},{"@type":"BreadcrumbList","@id":"https:\/\/condonekretnine.com\/en\/uprava-i-vratar\/#breadcrumb","itemListElement":[{"@type":"ListItem","position":1,"name":"Home","item":"https:\/\/condonekretnine.com\/en\/"},{"@type":"ListItem","position":2,"name":"Uprava i vratar"}]},{"@type":"WebSite","@id":"https:\/\/condonekretnine.com\/#website","url":"https:\/\/condonekretnine.com\/","name":"Condo","description":"","publisher":{"@id":"https:\/\/condonekretnine.com\/#organization"},"potentialAction":[{"@type":"SearchAction","target":{"@type":"EntryPoint","urlTemplate":"https:\/\/condonekretnine.com\/?s={search_term_string}"},"query-input":{"@type":"PropertyValueSpecification","valueRequired":true,"valueName":"search_term_string"}}],"inLanguage":"en-US"},{"@type":"Organization","@id":"https:\/\/condonekretnine.com\/#organization","name":"Condo","url":"https:\/\/condonekretnine.com\/","logo":{"@type":"ImageObject","inLanguage":"en-US","@id":"https:\/\/condonekretnine.com\/#\/schema\/logo\/image\/","url":"https:\/\/condonekretnine.com\/wp-content\/uploads\/2022\/01\/logo-black-retina.png","contentUrl":"https:\/\/condonekretnine.com\/wp-content\/uploads\/2022\/01\/logo-black-retina.png","width":600,"height":300,"caption":"Condo"},"image":{"@id":"https:\/\/condonekretnine.com\/#\/schema\/logo\/image\/"}}]}},"_links":{"self":[{"href":"https:\/\/condonekretnine.com\/en\/wp-json\/wp\/v2\/pages\/17564","targetHints":{"allow":["GET"]}}],"collection":[{"href":"https:\/\/condonekretnine.com\/en\/wp-json\/wp\/v2\/pages"}],"about":[{"href":"https:\/\/condonekretnine.com\/en\/wp-json\/wp\/v2\/types\/page"}],"author":[{"embeddable":true,"href":"https:\/\/condonekretnine.com\/en\/wp-json\/wp\/v2\/users\/1"}],"replies":[{"embeddable":true,"href":"https:\/\/condonekretnine.com\/en\/wp-json\/wp\/v2\/comments?post=17564"}],"version-history":[{"count":0,"href":"https:\/\/condonekretnine.com\/en\/wp-json\/wp\/v2\/pages\/17564\/revisions"}],"wp:attachment":[{"href":"https:\/\/condonekretnine.com\/en\/wp-json\/wp\/v2\/media?parent=17564"}],"curies":[{"name":"wp","href":"https:\/\/api.w.org\/{rel}","templated":true}]}}