{"id":17541,"date":"2021-03-09T13:12:07","date_gmt":"2021-03-09T13:12:07","guid":{"rendered":"https:\/\/condonekretnine.com\/?page_id=17541"},"modified":"2021-03-15T10:30:20","modified_gmt":"2021-03-15T10:30:20","slug":"pricing","status":"publish","type":"page","link":"https:\/\/condonekretnine.com\/en\/pricing\/","title":{"rendered":"Cjenovnik usluga"},"content":{"rendered":"\t\t<div data-elementor-type=\"wp-page\" data-elementor-id=\"17541\" class=\"elementor elementor-17541\">\n\t\t\t\t\t\t<div class=\"elementor-inner\">\n\t\t\t\t<div class=\"elementor-section-wrap\">\n\t\t\t\t\t\t\t\t\t<section class=\"elementor-section elementor-top-section elementor-element elementor-element-dd440c6 elementor-section-boxed elementor-section-height-default elementor-section-height-default\" data-id=\"dd440c6\" data-element_type=\"section\">\n\t\t\t\t\t\t<div class=\"elementor-container elementor-column-gap-default\">\n\t\t\t\t\t\t\t<div class=\"elementor-row\">\n\t\t\t\t\t<div class=\"elementor-column elementor-col-100 elementor-top-column elementor-element elementor-element-62bff59\" data-id=\"62bff59\" data-element_type=\"column\">\n\t\t\t<div class=\"elementor-column-wrap elementor-element-populated\">\n\t\t\t\t\t\t\t<div class=\"elementor-widget-wrap\">\n\t\t\t\t\t\t<div class=\"elementor-element elementor-element-06e59f7 elementor-widget elementor-widget-text-editor\" data-id=\"06e59f7\" data-element_type=\"widget\" data-widget_type=\"text-editor.default\">\n\t\t\t\t<div class=\"elementor-widget-container\">\n\t\t\t\t\t\t\t\t<div class=\"elementor-text-editor elementor-clearfix\">\n\t\t\t\t<p><strong>Prodajete nekretninu?<\/strong><\/p><p>Provizija od 2% odre\u0111uje se u zavisnosti od visine kupoprodajne cijene.<\/p><p>Usluga uklju\u010duje:<\/p><ul><li>Prezentaciju nekretnine<\/li><li>Ogla\u0161avanje nekretnine na sajtu <a href=\"https:\/\/condo-nekretnine.com\/\">www.condonekretnine.com<\/a><\/li><li>Visoku vidljivost<\/li><li>Procjenu nekretnine<\/li><li>Pregovaranje sa potencijalnim kupcima<\/li><li>Izradu teksta kupoprodajnog predugovora i ugovora<\/li><li>Pripremu i pomo\u0107 kod ovjere predugovora i ugovora kod ovla\u0161tenog lica<\/li><\/ul><p><em>U cijenu je uklju\u010den PDV.<\/em><\/p><p><strong>Iznajmljivanje nekretnine<\/strong><\/p><p>Provizija u iznosu jedne mjese\u010dne kirije odre\u0111uje se u zavisnosti od visine cijene iznajmljivanja.<\/p><p>Usluga uklju\u010duje:<\/p><ul><li>Prezentaciju nekretnine\u00a0<\/li><li>Ogla\u0161avanje nekretnine na sajtu <a href=\"https:\/\/condo-nekretnine.com\/\">www.condonekretnine.com<\/a><\/li><li>Visoku vidljivost<\/li><li>Procjenu nekretnine<\/li><li>Detaljno informisanje zainteresovanih klijenata<\/li><li>Prijedlog modela ugovora o zakupu<\/li><\/ul><p><em>Provizija se pla\u0107a jednokratno.<br \/>U cijenu je uklju\u010den PDV.<\/em><\/p><p><strong>Stan na dan<\/strong><\/p><p>Ogla\u0161avanje sa provjerom raspolo\u017eivosti.<\/p><p>15% Provizija se napla\u0107uje za ukupnu vrijednost rezervacije.<\/p><p>Usluga uklju\u010duje:<\/p><ul><li>Izradu multimedijalne prezentacije nekretnine<\/li><li>Fotografije visoke rezolucije<\/li><li>360\u00b0 fotografije (virtuelni prikaz nekretnine)<\/li><li>Detaljne informacije<\/li><li>Ogla\u0161avanje nekretnine na sajtu <a href=\"https:\/\/condo-nekretnine.com\/\">www.condonekretnine.com<\/a><\/li><li>Visoku vidljivost<\/li><li>Direktan kontakt sa zainteresovanim klijentima<\/li><li>A\u017euriranje informacija u bilo kom trenutku<\/li><li>Podr\u0161ku i pomo\u0107 na\u0161ih agenata za sva pitanja ili eventualne probleme<\/li><\/ul><p><em>U cijenu je uklju\u010den PDV.<\/em><\/p><p>Za sve dodatne informacije budite slobodni da nas kontaktirate.<\/p>\t\t\t\t\t<\/div>\n\t\t\t\t\t\t<\/div>\n\t\t\t\t<\/div>\n\t\t\t\t\t\t<\/div>\n\t\t\t\t\t<\/div>\n\t\t<\/div>\n\t\t\t\t\t\t\t\t<\/div>\n\t\t\t\t\t<\/div>\n\t\t<\/section>\n\t\t\t\t\t\t\t\t\t<\/div>\n\t\t\t<\/div>\n\t\t\t\t\t<\/div>\n\t\t","protected":false},"excerpt":{"rendered":"<p>Prodajete nekretninu? Provizija od 2% odre\u0111uje se u zavisnosti od visine kupoprodajne cijene. Usluga uklju\u010duje: Prezentaciju nekretnine Ogla\u0161avanje nekretnine na sajtu www.condonekretnine.com Visoku vidljivost Procjenu nekretnine Pregovaranje sa potencijalnim kupcima Izradu teksta kupoprodajnog predugovora i ugovora Pripremu i pomo\u0107 kod ovjere predugovora i ugovora kod ovla\u0161tenog lica U cijenu je uklju\u010den PDV. Iznajmljivanje nekretnine Provizija [&hellip;]<\/p>\n","protected":false},"author":1,"featured_media":0,"parent":0,"menu_order":0,"comment_status":"closed","ping_status":"closed","template":"","meta":{"footnotes":""},"class_list":["post-17541","page","type-page","status-publish","hentry"],"yoast_head":"<!-- This site is optimized with the Yoast SEO plugin v26.4 - https:\/\/yoast.com\/wordpress\/plugins\/seo\/ -->\n<title>Cjenovnik usluga - Condo<\/title>\n<meta name=\"description\" content=\"Cjenovnik usluga - Condo - Klju\u010d za Va\u0161 novi dom!\" \/>\n<meta name=\"robots\" content=\"index, follow, max-snippet:-1, max-image-preview:large, max-video-preview:-1\" \/>\n<link rel=\"canonical\" href=\"https:\/\/condonekretnine.com\/en\/pricing\/\" \/>\n<meta property=\"og:locale\" content=\"en_US\" \/>\n<meta property=\"og:type\" content=\"article\" \/>\n<meta property=\"og:title\" content=\"Cjenovnik usluga - Condo\" \/>\n<meta property=\"og:description\" content=\"Cjenovnik usluga - Condo - Klju\u010d za Va\u0161 novi dom!\" \/>\n<meta property=\"og:url\" content=\"https:\/\/condonekretnine.com\/en\/pricing\/\" \/>\n<meta property=\"og:site_name\" content=\"Condo\" \/>\n<meta property=\"article:modified_time\" content=\"2021-03-15T10:30:20+00:00\" \/>\n<meta name=\"twitter:card\" content=\"summary_large_image\" \/>\n<meta name=\"twitter:label1\" content=\"Est. reading time\" \/>\n\t<meta name=\"twitter:data1\" content=\"1 minute\" \/>\n<script type=\"application\/ld+json\" class=\"yoast-schema-graph\">{\"@context\":\"https:\/\/schema.org\",\"@graph\":[{\"@type\":\"WebPage\",\"@id\":\"https:\/\/condonekretnine.com\/en\/pricing\/\",\"url\":\"https:\/\/condonekretnine.com\/en\/pricing\/\",\"name\":\"Cjenovnik usluga - Condo\",\"isPartOf\":{\"@id\":\"https:\/\/condonekretnine.com\/#website\"},\"datePublished\":\"2021-03-09T13:12:07+00:00\",\"dateModified\":\"2021-03-15T10:30:20+00:00\",\"description\":\"Cjenovnik usluga - Condo - Klju\u010d za Va\u0161 novi dom!\",\"breadcrumb\":{\"@id\":\"https:\/\/condonekretnine.com\/en\/pricing\/#breadcrumb\"},\"inLanguage\":\"en-US\",\"potentialAction\":[{\"@type\":\"ReadAction\",\"target\":[\"https:\/\/condonekretnine.com\/en\/pricing\/\"]}]},{\"@type\":\"BreadcrumbList\",\"@id\":\"https:\/\/condonekretnine.com\/en\/pricing\/#breadcrumb\",\"itemListElement\":[{\"@type\":\"ListItem\",\"position\":1,\"name\":\"Home\",\"item\":\"https:\/\/condonekretnine.com\/en\/\"},{\"@type\":\"ListItem\",\"position\":2,\"name\":\"Cjenovnik usluga\"}]},{\"@type\":\"WebSite\",\"@id\":\"https:\/\/condonekretnine.com\/#website\",\"url\":\"https:\/\/condonekretnine.com\/\",\"name\":\"Condo\",\"description\":\"\",\"publisher\":{\"@id\":\"https:\/\/condonekretnine.com\/#organization\"},\"potentialAction\":[{\"@type\":\"SearchAction\",\"target\":{\"@type\":\"EntryPoint\",\"urlTemplate\":\"https:\/\/condonekretnine.com\/?s={search_term_string}\"},\"query-input\":{\"@type\":\"PropertyValueSpecification\",\"valueRequired\":true,\"valueName\":\"search_term_string\"}}],\"inLanguage\":\"en-US\"},{\"@type\":\"Organization\",\"@id\":\"https:\/\/condonekretnine.com\/#organization\",\"name\":\"Condo\",\"url\":\"https:\/\/condonekretnine.com\/\",\"logo\":{\"@type\":\"ImageObject\",\"inLanguage\":\"en-US\",\"@id\":\"https:\/\/condonekretnine.com\/#\/schema\/logo\/image\/\",\"url\":\"https:\/\/condonekretnine.com\/wp-content\/uploads\/2022\/01\/logo-black-retina.png\",\"contentUrl\":\"https:\/\/condonekretnine.com\/wp-content\/uploads\/2022\/01\/logo-black-retina.png\",\"width\":600,\"height\":300,\"caption\":\"Condo\"},\"image\":{\"@id\":\"https:\/\/condonekretnine.com\/#\/schema\/logo\/image\/\"}}]}<\/script>\n<!-- \/ Yoast SEO plugin. -->","yoast_head_json":{"title":"Cjenovnik usluga - Condo","description":"Cjenovnik usluga - Condo - Klju\u010d za Va\u0161 novi dom!","robots":{"index":"index","follow":"follow","max-snippet":"max-snippet:-1","max-image-preview":"max-image-preview:large","max-video-preview":"max-video-preview:-1"},"canonical":"https:\/\/condonekretnine.com\/en\/pricing\/","og_locale":"en_US","og_type":"article","og_title":"Cjenovnik usluga - Condo","og_description":"Cjenovnik usluga - Condo - Klju\u010d za Va\u0161 novi dom!","og_url":"https:\/\/condonekretnine.com\/en\/pricing\/","og_site_name":"Condo","article_modified_time":"2021-03-15T10:30:20+00:00","twitter_card":"summary_large_image","twitter_misc":{"Est. reading time":"1 minute"},"schema":{"@context":"https:\/\/schema.org","@graph":[{"@type":"WebPage","@id":"https:\/\/condonekretnine.com\/en\/pricing\/","url":"https:\/\/condonekretnine.com\/en\/pricing\/","name":"Cjenovnik usluga - Condo","isPartOf":{"@id":"https:\/\/condonekretnine.com\/#website"},"datePublished":"2021-03-09T13:12:07+00:00","dateModified":"2021-03-15T10:30:20+00:00","description":"Cjenovnik usluga - Condo - Klju\u010d za Va\u0161 novi dom!","breadcrumb":{"@id":"https:\/\/condonekretnine.com\/en\/pricing\/#breadcrumb"},"inLanguage":"en-US","potentialAction":[{"@type":"ReadAction","target":["https:\/\/condonekretnine.com\/en\/pricing\/"]}]},{"@type":"BreadcrumbList","@id":"https:\/\/condonekretnine.com\/en\/pricing\/#breadcrumb","itemListElement":[{"@type":"ListItem","position":1,"name":"Home","item":"https:\/\/condonekretnine.com\/en\/"},{"@type":"ListItem","position":2,"name":"Cjenovnik usluga"}]},{"@type":"WebSite","@id":"https:\/\/condonekretnine.com\/#website","url":"https:\/\/condonekretnine.com\/","name":"Condo","description":"","publisher":{"@id":"https:\/\/condonekretnine.com\/#organization"},"potentialAction":[{"@type":"SearchAction","target":{"@type":"EntryPoint","urlTemplate":"https:\/\/condonekretnine.com\/?s={search_term_string}"},"query-input":{"@type":"PropertyValueSpecification","valueRequired":true,"valueName":"search_term_string"}}],"inLanguage":"en-US"},{"@type":"Organization","@id":"https:\/\/condonekretnine.com\/#organization","name":"Condo","url":"https:\/\/condonekretnine.com\/","logo":{"@type":"ImageObject","inLanguage":"en-US","@id":"https:\/\/condonekretnine.com\/#\/schema\/logo\/image\/","url":"https:\/\/condonekretnine.com\/wp-content\/uploads\/2022\/01\/logo-black-retina.png","contentUrl":"https:\/\/condonekretnine.com\/wp-content\/uploads\/2022\/01\/logo-black-retina.png","width":600,"height":300,"caption":"Condo"},"image":{"@id":"https:\/\/condonekretnine.com\/#\/schema\/logo\/image\/"}}]}},"_links":{"self":[{"href":"https:\/\/condonekretnine.com\/en\/wp-json\/wp\/v2\/pages\/17541","targetHints":{"allow":["GET"]}}],"collection":[{"href":"https:\/\/condonekretnine.com\/en\/wp-json\/wp\/v2\/pages"}],"about":[{"href":"https:\/\/condonekretnine.com\/en\/wp-json\/wp\/v2\/types\/page"}],"author":[{"embeddable":true,"href":"https:\/\/condonekretnine.com\/en\/wp-json\/wp\/v2\/users\/1"}],"replies":[{"embeddable":true,"href":"https:\/\/condonekretnine.com\/en\/wp-json\/wp\/v2\/comments?post=17541"}],"version-history":[{"count":0,"href":"https:\/\/condonekretnine.com\/en\/wp-json\/wp\/v2\/pages\/17541\/revisions"}],"wp:attachment":[{"href":"https:\/\/condonekretnine.com\/en\/wp-json\/wp\/v2\/media?parent=17541"}],"curies":[{"name":"wp","href":"https:\/\/api.w.org\/{rel}","templated":true}]}}